{"id":35,"date":"2024-11-27T17:36:21","date_gmt":"2024-11-27T16:36:21","guid":{"rendered":"https:\/\/denisdeclercq.be\/?page_id=35"},"modified":"2026-01-21T09:14:44","modified_gmt":"2026-01-21T08:14:44","slug":"portfolio","status":"publish","type":"page","link":"https:\/\/denisdeclercq.be\/index.php\/portfolio\/","title":{"rendered":"Photographe passionn\u00e9 qui trouve son inspiration en capturant la beaut\u00e9 \u00e9ph\u00e9m\u00e8re de la vie."},"content":{"rendered":"\n<div class=\"wp-block-group alignfull has-global-padding is-layout-constrained wp-container-core-group-is-layout-b25ccd55 wp-block-group-is-layout-constrained\" style=\"margin-top:0;margin-bottom:0;padding-top:var(--wp--preset--spacing--50);padding-right:var(--wp--preset--spacing--50);padding-bottom:var(--wp--preset--spacing--50);padding-left:var(--wp--preset--spacing--50)\">\n<div class=\"wp-block-columns alignwide is-layout-flex wp-container-core-columns-is-layout-ff4b9c61 wp-block-columns-is-layout-flex\" style=\"margin-top:0;margin-bottom:0\">\n<div class=\"wp-block-column is-layout-flow wp-container-core-column-is-layout-8a368f38 wp-block-column-is-layout-flow\">\n<figure class=\"wp-block-image size-full is-style-rounded is-style-rounded--1\"><a href=\"http:\/\/denisdeclercq.be\/gallery\/Portfolio 2026\/album\/index.html\" target=\"_blank\" rel=\" noreferrer noopener\"><img loading=\"lazy\" decoding=\"async\" width=\"300\" height=\"200\" src=\"https:\/\/denisdeclercq.be\/wp-content\/uploads\/2026\/01\/Maia.jpg\" alt=\"\" class=\"wp-image-418\" style=\"aspect-ratio:4\/3;object-fit:cover\"\/><\/a><figcaption class=\"wp-element-caption\">(c) Portfolio 2026<\/figcaption><\/figure>\n\n\n\n<figure class=\"wp-block-image size-full is-style-rounded is-style-rounded--2\"><a href=\"https:\/\/www.denisdeclercq.be\/gallery\/Portfolio%202024\/album\/index.html\" target=\"_blank\" rel=\" noreferrer noopener\"><img loading=\"lazy\" decoding=\"async\" width=\"533\" height=\"800\" src=\"https:\/\/denisdeclercq.be\/wp-content\/uploads\/2024\/11\/DD7_8417-a-1.jpg\" alt=\"\" class=\"wp-image-65\" style=\"aspect-ratio:4\/3;object-fit:cover\" srcset=\"https:\/\/denisdeclercq.be\/wp-content\/uploads\/2024\/11\/DD7_8417-a-1.jpg 533w, https:\/\/denisdeclercq.be\/wp-content\/uploads\/2024\/11\/DD7_8417-a-1-200x300.jpg 200w\" sizes=\"auto, (max-width: 533px) 100vw, 533px\" \/><\/a><figcaption class=\"wp-element-caption\">(c) Portfolio 2024<\/figcaption><\/figure>\n\n\n\n<div style=\"height:var(--wp--preset--spacing--50)\" aria-hidden=\"true\" class=\"wp-block-spacer\"><\/div>\n\n\n\n<figure class=\"wp-block-image size-full is-style-rounded is-style-rounded--3\"><a href=\"https:\/\/www.denisdeclercq.be\/gallery\/Portfolio%202020\/album\/index.html\" target=\"_blank\" rel=\" noreferrer noopener\"><img loading=\"lazy\" decoding=\"async\" width=\"533\" height=\"800\" src=\"https:\/\/denisdeclercq.be\/wp-content\/uploads\/2024\/11\/DD7_8998.jpg\" alt=\"\" class=\"wp-image-63\" style=\"aspect-ratio:3\/4;object-fit:cover\" srcset=\"https:\/\/denisdeclercq.be\/wp-content\/uploads\/2024\/11\/DD7_8998.jpg 533w, https:\/\/denisdeclercq.be\/wp-content\/uploads\/2024\/11\/DD7_8998-200x300.jpg 200w\" sizes=\"auto, (max-width: 533px) 100vw, 533px\" \/><\/a><figcaption class=\"wp-element-caption\">(c) Portfolio 2020<\/figcaption><\/figure>\n\n\n\n<div style=\"height:var(--wp--preset--spacing--50)\" aria-hidden=\"true\" class=\"wp-block-spacer\"><\/div>\n\n\n\n<figure class=\"wp-block-image size-full is-style-rounded is-style-rounded--4\"><a href=\"https:\/\/www.denisdeclercq.be\/gallery\/Portfolio%202016\/album\/index.html\" target=\"_blank\" rel=\" noreferrer noopener\"><img loading=\"lazy\" decoding=\"async\" width=\"510\" height=\"768\" src=\"https:\/\/denisdeclercq.be\/wp-content\/uploads\/2024\/11\/DD2_1156-1.jpg\" alt=\"\" class=\"wp-image-72\" style=\"aspect-ratio:3\/4;object-fit:cover\" srcset=\"https:\/\/denisdeclercq.be\/wp-content\/uploads\/2024\/11\/DD2_1156-1.jpg 510w, https:\/\/denisdeclercq.be\/wp-content\/uploads\/2024\/11\/DD2_1156-1-199x300.jpg 199w\" sizes=\"auto, (max-width: 510px) 100vw, 510px\" \/><\/a><figcaption class=\"wp-element-caption\">(c) Portfolio 2016<\/figcaption><\/figure>\n\n\n\n<figure class=\"wp-block-image size-full is-style-rounded is-style-rounded--5\"><a href=\"https:\/\/www.denisdeclercq.be\/gallery\/Portfolio%202012\/album\/index.html\" target=\"_blank\" rel=\" noreferrer noopener\"><img loading=\"lazy\" decoding=\"async\" width=\"399\" height=\"600\" src=\"https:\/\/denisdeclercq.be\/wp-content\/uploads\/2024\/11\/DD2_7143.jpg\" alt=\"\" class=\"wp-image-81\" style=\"aspect-ratio:3\/4;object-fit:cover\" srcset=\"https:\/\/denisdeclercq.be\/wp-content\/uploads\/2024\/11\/DD2_7143.jpg 399w, https:\/\/denisdeclercq.be\/wp-content\/uploads\/2024\/11\/DD2_7143-200x300.jpg 200w\" sizes=\"auto, (max-width: 399px) 100vw, 399px\" \/><\/a><figcaption class=\"wp-element-caption\">(c) Portfolio 2012<\/figcaption><\/figure>\n<\/div>\n\n\n\n<div class=\"wp-block-column is-layout-flow wp-container-core-column-is-layout-8a368f38 wp-block-column-is-layout-flow\">\n<figure class=\"wp-block-image size-full is-resized is-style-rounded is-style-rounded--6\"><a href=\"https:\/\/www.denisdeclercq.be\/gallery\/Portfolio%202025\/album\/index.html\" target=\"_blank\" rel=\" noreferrer noopener\"><img loading=\"lazy\" decoding=\"async\" width=\"200\" height=\"300\" src=\"https:\/\/denisdeclercq.be\/wp-content\/uploads\/2025\/06\/portfolio2025-1.jpg\" alt=\"\" class=\"wp-image-330\" style=\"aspect-ratio:1.3333333333333333;object-fit:cover;width:200px;height:auto\"\/><\/a><figcaption class=\"wp-element-caption\">(c) Portfolio 2025<\/figcaption><\/figure>\n\n\n\n<div style=\"height:var(--wp--preset--spacing--50)\" aria-hidden=\"true\" class=\"wp-block-spacer\"><\/div>\n\n\n\n<figure class=\"wp-block-image size-full is-style-rounded is-style-rounded--7\"><a href=\"https:\/\/www.denisdeclercq.be\/gallery\/Portfolio%202023\/album\/index.html\" target=\"_blank\" rel=\" noreferrer noopener\"><img loading=\"lazy\" decoding=\"async\" width=\"533\" height=\"800\" src=\"https:\/\/denisdeclercq.be\/wp-content\/uploads\/2024\/11\/75D_3178.jpg\" alt=\"\" class=\"wp-image-56\" style=\"aspect-ratio:3\/4;object-fit:cover\" srcset=\"https:\/\/denisdeclercq.be\/wp-content\/uploads\/2024\/11\/75D_3178.jpg 533w, https:\/\/denisdeclercq.be\/wp-content\/uploads\/2024\/11\/75D_3178-200x300.jpg 200w\" sizes=\"auto, (max-width: 533px) 100vw, 533px\" \/><\/a><figcaption class=\"wp-element-caption\">(c) Portfolio 2023<\/figcaption><\/figure>\n\n\n\n<div style=\"height:var(--wp--preset--spacing--50)\" aria-hidden=\"true\" class=\"wp-block-spacer\"><\/div>\n\n\n\n<figure class=\"wp-block-image size-full is-style-rounded is-style-rounded--8\"><a href=\"https:\/\/www.denisdeclercq.be\/gallery\/Portfolio%202019\/album\/index.html\" target=\"_blank\" rel=\" noreferrer noopener\"><img loading=\"lazy\" decoding=\"async\" width=\"800\" height=\"531\" src=\"https:\/\/denisdeclercq.be\/wp-content\/uploads\/2024\/11\/DD2_8372.jpg\" alt=\"\" class=\"wp-image-67\" style=\"aspect-ratio:1;object-fit:cover\" srcset=\"https:\/\/denisdeclercq.be\/wp-content\/uploads\/2024\/11\/DD2_8372.jpg 800w, https:\/\/denisdeclercq.be\/wp-content\/uploads\/2024\/11\/DD2_8372-300x199.jpg 300w, https:\/\/denisdeclercq.be\/wp-content\/uploads\/2024\/11\/DD2_8372-768x510.jpg 768w\" sizes=\"auto, (max-width: 800px) 100vw, 800px\" \/><\/a><figcaption class=\"wp-element-caption\">(c) Portfolio 2019<\/figcaption><\/figure>\n\n\n\n<div style=\"height:var(--wp--preset--spacing--50)\" aria-hidden=\"true\" class=\"wp-block-spacer\"><\/div>\n\n\n\n<figure class=\"wp-block-image size-full is-style-rounded is-style-rounded--9\"><a href=\"https:\/\/www.denisdeclercq.be\/gallery\/Portfolio%202015\/album\/index.html\" target=\"_blank\" rel=\" noreferrer noopener\"><img loading=\"lazy\" decoding=\"async\" width=\"531\" height=\"800\" src=\"https:\/\/denisdeclercq.be\/wp-content\/uploads\/2024\/11\/DD2_5315-2.jpg\" alt=\"\" class=\"wp-image-75\" style=\"aspect-ratio:1;object-fit:cover\" srcset=\"https:\/\/denisdeclercq.be\/wp-content\/uploads\/2024\/11\/DD2_5315-2.jpg 531w, https:\/\/denisdeclercq.be\/wp-content\/uploads\/2024\/11\/DD2_5315-2-199x300.jpg 199w\" sizes=\"auto, (max-width: 531px) 100vw, 531px\" \/><\/a><figcaption class=\"wp-element-caption\">(c) Portfolio 2015<\/figcaption><\/figure>\n\n\n\n<figure class=\"wp-block-image size-full is-style-rounded is-style-rounded--10\"><a href=\"https:\/\/www.denisdeclercq.be\/gallery\/Portfolio%202011\/album\/index.html\" target=\"_blank\" rel=\" noreferrer noopener\"><img loading=\"lazy\" decoding=\"async\" width=\"858\" height=\"768\" src=\"https:\/\/denisdeclercq.be\/wp-content\/uploads\/2024\/11\/DD2_3987-1280x768-1.jpg\" alt=\"\" class=\"wp-image-83\" style=\"aspect-ratio:1;object-fit:cover\" srcset=\"https:\/\/denisdeclercq.be\/wp-content\/uploads\/2024\/11\/DD2_3987-1280x768-1.jpg 858w, https:\/\/denisdeclercq.be\/wp-content\/uploads\/2024\/11\/DD2_3987-1280x768-1-300x269.jpg 300w, https:\/\/denisdeclercq.be\/wp-content\/uploads\/2024\/11\/DD2_3987-1280x768-1-768x687.jpg 768w\" sizes=\"auto, (max-width: 858px) 100vw, 858px\" \/><\/a><figcaption class=\"wp-element-caption\">(c) Portfolio 2011<\/figcaption><\/figure>\n<\/div>\n\n\n\n<div class=\"wp-block-column is-layout-flow wp-container-core-column-is-layout-8a368f38 wp-block-column-is-layout-flow\">\n<figure class=\"wp-block-image size-full is-style-rounded is-style-rounded--11\"><a href=\"https:\/\/www.denisdeclercq.be\/gallery\/Portfolio%202022\/album\/index.html\" target=\"_blank\" rel=\" noreferrer noopener\"><img loading=\"lazy\" decoding=\"async\" width=\"533\" height=\"800\" src=\"https:\/\/denisdeclercq.be\/wp-content\/uploads\/2024\/11\/75D_1575.jpg\" alt=\"\" class=\"wp-image-58\" style=\"aspect-ratio:3\/4;object-fit:cover\" srcset=\"https:\/\/denisdeclercq.be\/wp-content\/uploads\/2024\/11\/75D_1575.jpg 533w, https:\/\/denisdeclercq.be\/wp-content\/uploads\/2024\/11\/75D_1575-200x300.jpg 200w\" sizes=\"auto, (max-width: 533px) 100vw, 533px\" \/><\/a><figcaption class=\"wp-element-caption\">(c) Portfolio 2022<\/figcaption><\/figure>\n\n\n\n<div style=\"height:var(--wp--preset--spacing--50)\" aria-hidden=\"true\" class=\"wp-block-spacer\"><\/div>\n\n\n\n<figure class=\"wp-block-image size-large is-style-rounded is-style-rounded--12\"><a href=\"https:\/\/www.denisdeclercq.be\/gallery\/Portfolio%202018\/album\/index.html\" target=\"_blank\" rel=\" noreferrer noopener\"><img loading=\"lazy\" decoding=\"async\" width=\"768\" height=\"1024\" src=\"https:\/\/denisdeclercq.be\/wp-content\/uploads\/2024\/11\/DD7_5473-768x1024.jpg\" alt=\"\" class=\"wp-image-68\" style=\"aspect-ratio:3\/4;object-fit:cover\" srcset=\"https:\/\/denisdeclercq.be\/wp-content\/uploads\/2024\/11\/DD7_5473-768x1024.jpg 768w, https:\/\/denisdeclercq.be\/wp-content\/uploads\/2024\/11\/DD7_5473-225x300.jpg 225w, https:\/\/denisdeclercq.be\/wp-content\/uploads\/2024\/11\/DD7_5473.jpg 810w\" sizes=\"auto, (max-width: 768px) 100vw, 768px\" \/><\/a><figcaption class=\"wp-element-caption\">(c) Portfolio 2018<\/figcaption><\/figure>\n\n\n\n<div style=\"height:var(--wp--preset--spacing--50)\" aria-hidden=\"true\" class=\"wp-block-spacer\"><\/div>\n\n\n\n<figure class=\"wp-block-image size-full is-style-rounded is-style-rounded--13\"><a href=\"https:\/\/www.denisdeclercq.be\/gallery\/Portfolio%202014\/album\/index.html\" target=\"_blank\" rel=\" noreferrer noopener\"><img loading=\"lazy\" decoding=\"async\" width=\"800\" height=\"600\" src=\"https:\/\/denisdeclercq.be\/wp-content\/uploads\/2024\/11\/DD2_0725-1.jpg\" alt=\"\" class=\"wp-image-77\" style=\"aspect-ratio:16\/9;object-fit:cover\" srcset=\"https:\/\/denisdeclercq.be\/wp-content\/uploads\/2024\/11\/DD2_0725-1.jpg 800w, https:\/\/denisdeclercq.be\/wp-content\/uploads\/2024\/11\/DD2_0725-1-300x225.jpg 300w, https:\/\/denisdeclercq.be\/wp-content\/uploads\/2024\/11\/DD2_0725-1-768x576.jpg 768w\" sizes=\"auto, (max-width: 800px) 100vw, 800px\" \/><\/a><figcaption class=\"wp-element-caption\">(c) Portfolio 2014<\/figcaption><\/figure>\n\n\n\n<figure class=\"wp-block-image size-full is-style-rounded is-style-rounded--14\"><a href=\"https:\/\/www.denisdeclercq.be\/gallery\/Portfolio%202010\/album\/index.html\" target=\"_blank\" rel=\" noreferrer noopener\"><img loading=\"lazy\" decoding=\"async\" width=\"412\" height=\"600\" src=\"https:\/\/denisdeclercq.be\/wp-content\/uploads\/2024\/11\/dd2_9105.jpg\" alt=\"\" class=\"wp-image-84\" style=\"aspect-ratio:3\/4;object-fit:cover\" srcset=\"https:\/\/denisdeclercq.be\/wp-content\/uploads\/2024\/11\/dd2_9105.jpg 412w, https:\/\/denisdeclercq.be\/wp-content\/uploads\/2024\/11\/dd2_9105-206x300.jpg 206w\" sizes=\"auto, (max-width: 412px) 100vw, 412px\" \/><\/a><figcaption class=\"wp-element-caption\">(c) Portfolio 2010<\/figcaption><\/figure>\n<\/div>\n\n\n\n<div class=\"wp-block-column is-layout-flow wp-container-core-column-is-layout-8a368f38 wp-block-column-is-layout-flow\">\n<div style=\"height:var(--wp--preset--spacing--50)\" aria-hidden=\"true\" class=\"wp-block-spacer\"><\/div>\n\n\n\n<figure class=\"wp-block-image size-full is-style-rounded is-style-rounded--15\"><a href=\"https:\/\/www.denisdeclercq.be\/gallery\/Portfolio%202021\/album\/index.html\" target=\"_blank\" rel=\" noreferrer noopener\"><img loading=\"lazy\" decoding=\"async\" width=\"533\" height=\"800\" src=\"https:\/\/denisdeclercq.be\/wp-content\/uploads\/2024\/11\/75D_1093.jpg\" alt=\"\" class=\"wp-image-61\" style=\"aspect-ratio:1;object-fit:cover\" srcset=\"https:\/\/denisdeclercq.be\/wp-content\/uploads\/2024\/11\/75D_1093.jpg 533w, https:\/\/denisdeclercq.be\/wp-content\/uploads\/2024\/11\/75D_1093-200x300.jpg 200w\" sizes=\"auto, (max-width: 533px) 100vw, 533px\" \/><\/a><figcaption class=\"wp-element-caption\">(c) Portfolio 2021<\/figcaption><\/figure>\n\n\n\n<div style=\"height:var(--wp--preset--spacing--50)\" aria-hidden=\"true\" class=\"wp-block-spacer\"><\/div>\n\n\n\n<figure class=\"wp-block-image size-large is-style-rounded is-style-rounded--16\"><a href=\"https:\/\/www.denisdeclercq.be\/gallery\/Portfolio%202017\/album\/index.html\" target=\"_blank\" rel=\" noreferrer noopener\"><img loading=\"lazy\" decoding=\"async\" width=\"1024\" height=\"683\" src=\"https:\/\/denisdeclercq.be\/wp-content\/uploads\/2024\/11\/DD7_2834-1024x683.jpg\" alt=\"\" class=\"wp-image-70\" style=\"aspect-ratio:16\/9;object-fit:cover\" srcset=\"https:\/\/denisdeclercq.be\/wp-content\/uploads\/2024\/11\/DD7_2834-1024x683.jpg 1024w, https:\/\/denisdeclercq.be\/wp-content\/uploads\/2024\/11\/DD7_2834-300x200.jpg 300w, https:\/\/denisdeclercq.be\/wp-content\/uploads\/2024\/11\/DD7_2834-768x512.jpg 768w, https:\/\/denisdeclercq.be\/wp-content\/uploads\/2024\/11\/DD7_2834.jpg 1080w\" sizes=\"auto, (max-width: 1024px) 100vw, 1024px\" \/><\/a><figcaption class=\"wp-element-caption\">(c) Portfolio 2017<\/figcaption><\/figure>\n\n\n\n<div style=\"height:var(--wp--preset--spacing--50)\" aria-hidden=\"true\" class=\"wp-block-spacer\"><\/div>\n\n\n\n<figure class=\"wp-block-image size-full is-style-rounded is-style-rounded--17\"><a href=\"https:\/\/www.denisdeclercq.be\/gallery\/Portfolio%202013\/album\/index.html\" target=\"_blank\" rel=\" noreferrer noopener\"><img loading=\"lazy\" decoding=\"async\" width=\"510\" height=\"768\" src=\"https:\/\/denisdeclercq.be\/wp-content\/uploads\/2024\/11\/DD2_9898.jpg\" alt=\"\" class=\"wp-image-79\" style=\"aspect-ratio:9\/16;object-fit:cover\" srcset=\"https:\/\/denisdeclercq.be\/wp-content\/uploads\/2024\/11\/DD2_9898.jpg 510w, https:\/\/denisdeclercq.be\/wp-content\/uploads\/2024\/11\/DD2_9898-199x300.jpg 199w\" sizes=\"auto, (max-width: 510px) 100vw, 510px\" \/><\/a><figcaption class=\"wp-element-caption\">(c) Portfolio 2013<\/figcaption><\/figure>\n\n\n\n<figure class=\"wp-block-image size-full is-style-rounded is-style-rounded--18\"><a href=\"https:\/\/www.denisdeclercq.be\/gallery\/Portfolio%202009\/album\/index.html\" target=\"_blank\" rel=\" noreferrer noopener\"><img loading=\"lazy\" decoding=\"async\" width=\"800\" height=\"536\" src=\"https:\/\/denisdeclercq.be\/wp-content\/uploads\/2024\/11\/DSC_0247.jpg\" alt=\"\" class=\"wp-image-86\" style=\"aspect-ratio:16\/9;object-fit:cover\" srcset=\"https:\/\/denisdeclercq.be\/wp-content\/uploads\/2024\/11\/DSC_0247.jpg 800w, https:\/\/denisdeclercq.be\/wp-content\/uploads\/2024\/11\/DSC_0247-300x201.jpg 300w, https:\/\/denisdeclercq.be\/wp-content\/uploads\/2024\/11\/DSC_0247-768x515.jpg 768w\" sizes=\"auto, (max-width: 800px) 100vw, 800px\" \/><\/a><figcaption class=\"wp-element-caption\">(c) Portfolio 2009<\/figcaption><\/figure>\n<\/div>\n<\/div>\n<\/div>\n\n\n\n<p><\/p>\n","protected":false},"excerpt":{"rendered":"","protected":false},"author":1,"featured_media":0,"parent":0,"menu_order":0,"comment_status":"closed","ping_status":"closed","template":"","meta":{"_EventAllDay":false,"_EventTimezone":"","_EventStartDate":"","_EventEndDate":"","_EventStartDateUTC":"","_EventEndDateUTC":"","_EventShowMap":false,"_EventShowMapLink":false,"_EventURL":"","_EventCost":"","_EventCostDescription":"","_EventCurrencySymbol":"","_EventCurrencyCode":"","_EventCurrencyPosition":"","_EventDateTimeSeparator":"","_EventTimeRangeSeparator":"","_EventOrganizerID":[],"_EventVenueID":[],"_OrganizerEmail":"","_OrganizerPhone":"","_OrganizerWebsite":"","_VenueAddress":"","_VenueCity":"","_VenueCountry":"","_VenueProvince":"","_VenueState":"","_VenueZip":"","_VenuePhone":"","_VenueURL":"","_VenueStateProvince":"","_VenueLat":"","_VenueLng":"","_VenueShowMap":false,"_VenueShowMapLink":false,"footnotes":""},"class_list":["post-35","page","type-page","status-publish","hentry"],"_links":{"self":[{"href":"https:\/\/denisdeclercq.be\/index.php\/wp-json\/wp\/v2\/pages\/35","targetHints":{"allow":["GET"]}}],"collection":[{"href":"https:\/\/denisdeclercq.be\/index.php\/wp-json\/wp\/v2\/pages"}],"about":[{"href":"https:\/\/denisdeclercq.be\/index.php\/wp-json\/wp\/v2\/types\/page"}],"author":[{"embeddable":true,"href":"https:\/\/denisdeclercq.be\/index.php\/wp-json\/wp\/v2\/users\/1"}],"replies":[{"embeddable":true,"href":"https:\/\/denisdeclercq.be\/index.php\/wp-json\/wp\/v2\/comments?post=35"}],"version-history":[{"count":41,"href":"https:\/\/denisdeclercq.be\/index.php\/wp-json\/wp\/v2\/pages\/35\/revisions"}],"predecessor-version":[{"id":419,"href":"https:\/\/denisdeclercq.be\/index.php\/wp-json\/wp\/v2\/pages\/35\/revisions\/419"}],"wp:attachment":[{"href":"https:\/\/denisdeclercq.be\/index.php\/wp-json\/wp\/v2\/media?parent=35"}],"curies":[{"name":"wp","href":"https:\/\/api.w.org\/{rel}","templated":true}]}}