{"id":180,"date":"2024-12-10T16:56:40","date_gmt":"2024-12-10T15:56:40","guid":{"rendered":"https:\/\/denisdeclercq.be\/?page_id=180"},"modified":"2025-10-22T20:11:24","modified_gmt":"2025-10-22T18:11:24","slug":"bientot-au-studio","status":"publish","type":"page","link":"https:\/\/denisdeclercq.be\/index.php\/bientot-au-studio\/","title":{"rendered":"Bient\u00f4t au studio&#8230;"},"content":{"rendered":"\n<p>Les dates restent \u00e0 confirmer, mais les mod\u00e8les repris ci-desous sont attendues bient\u00f4t au studio:<\/p>\n\n\n\n<p><\/p>\n\n\n\n<p><\/p>\n\n\n\n<ul class=\"wp-block-list\">\n<li>Astrid rgt<\/li>\n\n\n\n<li>Laure<\/li>\n\n\n\n<li>Mari Na<\/li>\n\n\n\n<li>NANA (Ruivadoo)<\/li>\n\n\n\n<li>Val\u00e9rie<\/li>\n<\/ul>\n\n\n\n<figure class=\"wp-block-image size-full\"><img loading=\"lazy\" decoding=\"async\" width=\"800\" height=\"533\" src=\"https:\/\/denisdeclercq.be\/wp-content\/uploads\/2024\/12\/DD7_9566.jpg\" alt=\"\" class=\"wp-image-205\" srcset=\"https:\/\/denisdeclercq.be\/wp-content\/uploads\/2024\/12\/DD7_9566.jpg 800w, https:\/\/denisdeclercq.be\/wp-content\/uploads\/2024\/12\/DD7_9566-300x200.jpg 300w, https:\/\/denisdeclercq.be\/wp-content\/uploads\/2024\/12\/DD7_9566-768x512.jpg 768w\" sizes=\"auto, (max-width: 800px) 100vw, 800px\" \/><figcaption class=\"wp-element-caption\">(c)Denis Declercq photography<\/figcaption><\/figure>\n","protected":false},"excerpt":{"rendered":"<p>Les dates restent \u00e0 confirmer, mais les mod\u00e8les repris ci-desous sont attendues bient\u00f4t au studio:<\/p>\n","protected":false},"author":2,"featured_media":0,"parent":0,"menu_order":0,"comment_status":"closed","ping_status":"closed","template":"","meta":{"_EventAllDay":false,"_EventTimezone":"","_EventStartDate":"","_EventEndDate":"","_EventStartDateUTC":"","_EventEndDateUTC":"","_EventShowMap":false,"_EventShowMapLink":false,"_EventURL":"","_EventCost":"","_EventCostDescription":"","_EventCurrencySymbol":"","_EventCurrencyCode":"","_EventCurrencyPosition":"","_EventDateTimeSeparator":"","_EventTimeRangeSeparator":"","_EventOrganizerID":[],"_EventVenueID":[],"_OrganizerEmail":"","_OrganizerPhone":"","_OrganizerWebsite":"","_VenueAddress":"","_VenueCity":"","_VenueCountry":"","_VenueProvince":"","_VenueState":"","_VenueZip":"","_VenuePhone":"","_VenueURL":"","_VenueStateProvince":"","_VenueLat":"","_VenueLng":"","_VenueShowMap":false,"_VenueShowMapLink":false,"footnotes":""},"class_list":["post-180","page","type-page","status-publish","hentry"],"_links":{"self":[{"href":"https:\/\/denisdeclercq.be\/index.php\/wp-json\/wp\/v2\/pages\/180","targetHints":{"allow":["GET"]}}],"collection":[{"href":"https:\/\/denisdeclercq.be\/index.php\/wp-json\/wp\/v2\/pages"}],"about":[{"href":"https:\/\/denisdeclercq.be\/index.php\/wp-json\/wp\/v2\/types\/page"}],"author":[{"embeddable":true,"href":"https:\/\/denisdeclercq.be\/index.php\/wp-json\/wp\/v2\/users\/2"}],"replies":[{"embeddable":true,"href":"https:\/\/denisdeclercq.be\/index.php\/wp-json\/wp\/v2\/comments?post=180"}],"version-history":[{"count":22,"href":"https:\/\/denisdeclercq.be\/index.php\/wp-json\/wp\/v2\/pages\/180\/revisions"}],"predecessor-version":[{"id":390,"href":"https:\/\/denisdeclercq.be\/index.php\/wp-json\/wp\/v2\/pages\/180\/revisions\/390"}],"wp:attachment":[{"href":"https:\/\/denisdeclercq.be\/index.php\/wp-json\/wp\/v2\/media?parent=180"}],"curies":[{"name":"wp","href":"https:\/\/api.w.org\/{rel}","templated":true}]}}